{"id":8353,"date":"2020-12-22T09:07:20","date_gmt":"2020-12-22T09:07:20","guid":{"rendered":"https:\/\/stial.it\/?page_id=8353"},"modified":"2020-12-22T10:24:30","modified_gmt":"2020-12-22T10:24:30","slug":"about-us","status":"publish","type":"page","link":"https:\/\/stial.it\/en\/about-us\/","title":{"rendered":"About us"},"content":{"rendered":"<p>[vc_row row_content_width=&#8221;grid&#8221; css=&#8221;.vc_custom_1554384455514{margin-top: 80px !important;margin-bottom: 150px !important;}&#8221;][vc_column width=&#8221;1\/2&#8243;][vc_column_text]<\/p>\n<h5>STIAL<\/h5>\n<p>For more than 37 years, we have specialised in cold forming of sheet metal, blanking, deep drawing and assembly of parts. We operate on demand to suit customer specifications, with a flexible, professional and punctual structure. Thanks to a full set of machines and state-of-the-art systems, we are able to meet the design and production requirements of several industrial sectors, with the aim of becoming the ideal partner,for the realisation of simple and complex components and subassemblies. We are located in the northern part of Milan in Varedo, an area of renowned industrial tradition, with a full range of industrial services and expertise at its disposal which are among the highest in the mechanical machining sector.[\/vc_column_text][\/vc_column][vc_column width=&#8221;1\/2&#8243;][vc_empty_space height=&#8221;40px&#8221;][vc_column_text]Our top-quality services:<\/p>\n<h6 class=\"p1\" style=\"text-align: left;\">ENGINEERING AND CO-DESIGN<\/h6>\n<h6 class=\"p1\" style=\"text-align: left;\">DIE CONSTRUCTION<\/h6>\n<h6 class=\"p1\" style=\"text-align: left;\">FORMING AND BLANKING<\/h6>\n<h6 class=\"p1\" style=\"text-align: left;\">DEEP DRAWING<\/h6>\n<h6 class=\"p1\" style=\"text-align: left;\">ASSEMBLY<\/h6>\n<h6 class=\"p1\" style=\"text-align: left;\">SURFACE TREATMENT<\/h6>\n<p>[\/vc_column_text][\/vc_column][\/vc_row][vc_row css=&#8221;.vc_custom_1554384448707{padding-top: 100px !important;padding-bottom: 129px !important;background-color: #f7f5f5 !important;}&#8221;][vc_column][vc_row_inner row_content_width=&#8221;grid&#8221; css=&#8221;.vc_custom_1485852024237{margin-top: -247px !important;background-color: #ffffff !important;}&#8221;][vc_column_inner css=&#8221;.vc_custom_1554387461087{padding-top: 5.4% !important;padding-right: 10% !important;padding-bottom: 5.4% !important;padding-left: 10% !important;}&#8221;][vc_column_text]<\/p>\n<h5 style=\"text-align: center;\">MISSION<\/h5>\n<p style=\"text-align: center;\">We want to build a relationship with customers aimed at reaching shared market success. Through two fundamental assets:<\/p>\n<ul>\n<li class=\"li1\" style=\"text-align: center;\">search for continuous technological evolution<\/li>\n<li class=\"li1\" style=\"text-align: center;\">continuous improvement of product quality<\/li>\n<\/ul>\n<p>[\/vc_column_text][\/vc_column_inner][\/vc_row_inner][vc_empty_space height=&#8221;102px&#8221;][vc_row_inner row_content_width=&#8221;grid&#8221;][vc_column_inner width=&#8221;1\/3&#8243;][vc_column_text]<\/p>\n<h3 style=\"color: #134985;\">A passionate<br \/>\ngrowth<\/h3>\n<p>[\/vc_column_text][\/vc_column_inner][vc_column_inner width=&#8221;1\/3&#8243;][vc_column_text]<\/p>\n<h6>1982 Development<\/h6>\n<p>Giovanni Zacchetti established STIAL (Societ\u00e0 Tranciatura Imbutitura Assemblaggio Lamiere). Manufacturing for the automotive industry was carried out in the small laboratory in Varedo. The market grew together with the company. Customers increased and industrial sectors diversified: electrical appliances, furniture, building<\/p>\n<h6>1990 Consolidation<\/h6>\n<p>We purchased a building in Varedo to support the company\u2019s growth. We doubled the operating area and the number of machines from 5 to 10 plants to better serve the national market. Davide, son of Giovanni, joined the company and gave it a strong orientation towards quality. We achieved ISO9001:2015 Certification and in 1997 provided the internal laboratory with a three-dimensional coordinate measuring machine.<\/p>\n<h6>2000 Enlargment<\/h6>\n<p>We grew again and purchased another building adjacent to the current one. The covered area increased to host the new 800-1000 tons machines complementing the already existing range [\/vc_column_text][\/vc_column_inner][vc_column_inner width=&#8221;1\/3&#8243;][vc_column_text]<\/p>\n<h6>2010 Specialization<\/h6>\n<p>We reorganized the company\u2019s structure and complemented staff with new highly professionalized figures with specific skills.<\/p>\n<h6>Future<\/h6>\n<p>We will continue to enlarge and update the range of our machines in order to better manage the realization of subassemblies. We will improve internal processes by developing the 3D prototyping step and aiming at training staff, without forgetting to study and use new materials. We are ready to face the challenges of the future. Always by your side. The potential of quality in the product and in the service has always been the means to consolidate a close relationship with customers. The first objective is to satisfy them by providing them with quality products, at suitable prices and within the agreed time frame.<\/p>\n<p>[\/vc_column_text][\/vc_column_inner][\/vc_row_inner][\/vc_column][\/vc_row][vc_row css=&#8221;.vc_custom_1554385712635{padding-bottom: 100px !important;background-image: url(http:\/\/stial.it\/wp-content\/uploads\/2019\/04\/parallasse-about.jpg?id=7673) !important;}&#8221;][vc_column][vc_row_inner row_content_width=&#8221;grid&#8221;][vc_column_inner][vc_column_text css=&#8221;.vc_custom_1554969813165{border-bottom-width: 200px !important;padding-top: 100px !important;}&#8221;]<\/p>\n<p style=\"text-align: center; color: #fff;\">Il potenziale della qualit\u00e0 nel prodotto e nel servizio \u00e8 sempre stato il mezzo per consolidare uno stretto rapporto di collaborazione con i propri Clienti. Il primo obbiettivo \u00e8 quello di soddisfare fornendo loro prodotti di qualit\u00e0, a costi adeguati e nei tempi prestabiliti.<\/p>\n<p>[\/vc_column_text][\/vc_column_inner][\/vc_row_inner][\/vc_column][\/vc_row][vc_row el_class=&#8221;gallery-about&#8221;][vc_column width=&#8221;1\/4&#8243;][vc_single_image image=&#8221;8301&#8243; img_size=&#8221;full&#8221;][\/vc_column][vc_column width=&#8221;1\/4&#8243;][vc_single_image image=&#8221;8302&#8243; img_size=&#8221;full&#8221;][\/vc_column][vc_column width=&#8221;1\/4&#8243;][vc_single_image image=&#8221;8303&#8243; img_size=&#8221;full&#8221;][\/vc_column][vc_column width=&#8221;1\/4&#8243;][vc_single_image image=&#8221;8304&#8243; img_size=&#8221;full&#8221;][\/vc_column][\/vc_row]<\/p>\n","protected":false},"excerpt":{"rendered":"<p>[vc_row row_content_width=&#8221;grid&#8221; css=&#8221;.vc_custom_1554384455514{margin-top: 80px !important;margin-bottom: 150px !important;}&#8221;][vc_column width=&#8221;1\/2&#8243;][vc_column_text] STIAL For more than 37 years, we have specialised in cold forming of sheet metal, blanking, deep drawing and assembly of parts. We operate on demand to suit customer specifications, with a flexible, professional and punctual structure. [&hellip;]<\/p>\n","protected":false},"author":2,"featured_media":0,"parent":0,"menu_order":0,"comment_status":"closed","ping_status":"closed","template":"full-width.php","meta":{"footnotes":""},"_links":{"self":[{"href":"https:\/\/stial.it\/en\/wp-json\/wp\/v2\/pages\/8353"}],"collection":[{"href":"https:\/\/stial.it\/en\/wp-json\/wp\/v2\/pages"}],"about":[{"href":"https:\/\/stial.it\/en\/wp-json\/wp\/v2\/types\/page"}],"author":[{"embeddable":true,"href":"https:\/\/stial.it\/en\/wp-json\/wp\/v2\/users\/2"}],"replies":[{"embeddable":true,"href":"https:\/\/stial.it\/en\/wp-json\/wp\/v2\/comments?post=8353"}],"version-history":[{"count":16,"href":"https:\/\/stial.it\/en\/wp-json\/wp\/v2\/pages\/8353\/revisions"}],"predecessor-version":[{"id":8369,"href":"https:\/\/stial.it\/en\/wp-json\/wp\/v2\/pages\/8353\/revisions\/8369"}],"wp:attachment":[{"href":"https:\/\/stial.it\/en\/wp-json\/wp\/v2\/media?parent=8353"}],"curies":[{"name":"wp","href":"https:\/\/api.w.org\/{rel}","templated":true}]}}